{"id":7,"date":"2020-09-12T13:24:41","date_gmt":"2020-09-12T12:24:41","guid":{"rendered":"http:\/\/joannamoskowicz.com\/?page_id=7"},"modified":"2020-09-24T10:05:20","modified_gmt":"2020-09-24T09:05:20","slug":"joanna-moskowicz-sopran","status":"publish","type":"page","link":"https:\/\/joannamoskowicz.com\/en\/","title":{"rendered":"Joanna Moskowicz Sopran"},"content":{"rendered":"<p>[et_pb_section fb_built=&#8221;1&#8243; fullwidth=&#8221;on&#8221; _builder_version=&#8221;4.6.1&#8243; _module_preset=&#8221;default&#8221; custom_padding=&#8221;0px||||false|false&#8221;][et_pb_fullwidth_slider _builder_version=&#8221;4.6.1&#8243; _module_preset=&#8221;default&#8221; min_height=&#8221;724px&#8221; custom_padding=&#8221;111px|||||&#8221;][et_pb_slide heading=&#8221;JOANNA MOSKOWICZ&#8221; use_bg_overlay=&#8221;on&#8221; _builder_version=&#8221;4.6.1&#8243; _module_preset=&#8221;b7c477de-c1b3-41ee-aa88-f4d35eafdac6&#8243; header_text_align=&#8221;left&#8221; body_text_align=&#8221;left&#8221; parallax=&#8221;off&#8221; background_position=&#8221;top_center&#8221; sticky_transition=&#8221;on&#8221;]SOPRANO[\/et_pb_slide][et_pb_slide heading=&#8221;JOANNA MOSKOWICZ&#8221; use_bg_overlay=&#8221;on&#8221; _builder_version=&#8221;4.6.1&#8243; _module_preset=&#8221;b7c477de-c1b3-41ee-aa88-f4d35eafdac6&#8243; header_text_align=&#8221;left&#8221; body_text_align=&#8221;left&#8221; background_image=&#8221;https:\/\/joannamoskowicz.com\/wp-content\/uploads\/2020\/09\/am1-scaled.jpg&#8221; parallax=&#8221;off&#8221; background_position=&#8221;top_center&#8221; text_orientation=&#8221;center&#8221; sticky_transition=&#8221;on&#8221;]SOPRANO[\/et_pb_slide][\/et_pb_fullwidth_slider][\/et_pb_section][et_pb_section fb_built=&#8221;1&#8243; _builder_version=&#8221;4.6.1&#8243; _module_preset=&#8221;default&#8221; background_color=&#8221;rgba(223,183,88,0.77)&#8221; custom_padding=&#8221;||3px|||&#8221;][et_pb_row module_id=&#8221;cv&#8221; _builder_version=&#8221;4.6.1&#8243; _module_preset=&#8221;default&#8221;][et_pb_column type=&#8221;4_4&#8243; _builder_version=&#8221;4.6.1&#8243; _module_preset=&#8221;default&#8221;][et_pb_text _builder_version=&#8221;4.6.1&#8243; _module_preset=&#8221;f59eef07-5c3e-46de-a425-665a396a0b60&#8243; custom_margin=&#8221;||29px|||&#8221;]<\/p>\n<h1 style=\"text-align: center;\">CV<\/h1>\n<p>[\/et_pb_text][et_pb_text _builder_version=&#8221;4.6.2&#8243; _module_preset=&#8221;default&#8221;]<\/p>\n<h3 style=\"text-align: justify;\">Joanna Moskowicz \u2013 soprano<\/h3>\n<p>&nbsp;<\/p>\n<p style=\"text-align: justify;\">Joanna graduated at the Academy of Music in \u0141od\u017a at the class of Professor Delfina Ambroziak with distinction. In addition, she completed her postgraduate studies at the Academy of Music in Wroc\u0142aw under Professor Ewa Czermak.<\/p>\n<p style=\"text-align: justify;\">Joanna took master classes with Prof. Barbara Schlick, Prof. Ingrid Kremling, Prof. Ewa Czermak during the Wratislavia Cantans Festival, Prof. R. Karczykowski, as well as with Prof. Teresa \u017bylis-Gara and Prof. Helena \u0141azarska at the International Summer Academy of the Mozarteum Salzburg.<\/p>\n<p style=\"text-align: justify;\">In 2006 Joanna received a scholarship from the Polish Ministry of Culture and National Heritage and in 2012 from the Richard Wagner Scholarship Foundation in Bayreuth.<\/p>\n<p style=\"text-align: justify;\">She has won various competitions such as: the Polish Song Competition in Warsaw (2007), La Boheme competition in Verona (2009) and the 8th International Moniuszko Vocal Competition in Warsaw, where Joanna was awarded the special prize for best coloratura soprano and also as the best Polish singer (2013). In 2016 she received the \u201cJan Kiepura Prize\u201d as best singer.<\/p>\n<p style=\"text-align: justify;\">In April 2007, her fourth year of study, she made her debut at the Grand Theater in \u0141odz as Rosina in the premiere of The Barber of Seville by G. Rossini. For this role, she was awarded with the \u201cGolden Mask\u201d for the best season debut.<\/p>\n<p style=\"text-align: justify;\">From 2008 to 2017 she was a soloist at the Wroc\u0142aw Opera. There she made her debut in March 2008 in the role of Queen of the Night in The Magic Flute by W. A. Mozart. On the same stage she excelled as: Olympia in The Tales of Hoffmann by J. Offenbach, Adina in L&#8217;elisir d&#8217;amore by G. Donizetti, Lucia in Lucia di Lammermoor by G. Donizetti, Sophie in Rosenkavalier by R. Strauss, Musetta in La Boheme by G. Puccini and Leila in Les p\u00eacheurs de perles by G. Bizet.<\/p>\n<p style=\"text-align: justify;\">She has worked successfully with conductors such as: Tadeusz Koz\u0142owski, Ewa Michnik, Andriy Yurkevych, Friedrich Heider, Jose Florencio, Ruben Silva, \u0141ukasz Borowicz, Jari Hamalainen, Anne Randine Overby, Bassem Akiki, Matteo Pagliari, Samuel Hogarth, Uwe Sandner, Jakubcker , Francesco Bottigliero, Andrzej Straszy\u0144ski, Jacek Kasprzyk, and also directors such as: Micha\u0142 Znaniecki, Kerstin Maria Pohler, Suzanne Andrade, Barrie Kosky, Mariusz Treli\u0144ski, Irina Brook, Rocc, Georg Rootering, Urs H\u00e4berli, Waldemar Zawodzi\u0144ski, Micha\u0142 Zadara.<\/p>\n<p style=\"text-align: justify;\">She performed at the Summerfestival in Xanten, Schlossfestspiele in Regensburg, Saaremaa Opera Festival in Estonia and Bergen Opera Nasjonale Opera in Norway.<\/p>\n<p style=\"text-align: justify;\">In the season 2017\/2018 she cooperated with Pfalztheater Kaiserslautern performing: Leila in Les p\u00eacheurs de perles by G. Bizet, Lucia in Lucia di Lammermoor by G. Donizetti and Ann Truelove in Rake\u2019s Progress by I. Stravinsky.<\/p>\n<p style=\"text-align: justify;\">Presently she works with The National Opera in Warsaw as Queen of the Night in the famous production of The Magic Flute staged by Susanne Andrade and Barrie Kosky from Komische Oper Berlin and Dirce, Medee, by L. Cherubini \u2013 co-oproduction with Salzburg Festival.<\/p>\n<p style=\"text-align: justify;\">The roles of The Queen of the Night (The Magic Flute) and Konstanze (Die Entf\u00fchrung aus dem Serail, also by W. A. Mozart) she performs at the Warsaw\u2019s Chamber Opera and Cunegonde from Candide by L. Bernstein and Rosa from Don Bucefalo by A. Cagnoni at the Baltic Opera Gdansk.<\/p>\n<p>[\/et_pb_text][et_pb_button button_url=&#8221;https:\/\/joannamoskowicz.com\/wp-content\/uploads\/2020\/09\/Joanna-Moskowicz-CV-ENG.pdf&#8221; url_new_window=&#8221;on&#8221; button_text=&#8221;CV in PDF&#8221; _builder_version=&#8221;4.6.2&#8243; _module_preset=&#8221;6237d47c-4f81-45ed-94a0-b2afab37c36d&#8221; button_font=&#8221;||||||||&#8221;][\/et_pb_button][et_pb_divider color=&#8221;#ffffff&#8221; divider_position=&#8221;center&#8221; _builder_version=&#8221;4.6.1&#8243; _module_preset=&#8221;default&#8221;][\/et_pb_divider][\/et_pb_column][\/et_pb_row][\/et_pb_section][et_pb_section fb_built=&#8221;1&#8243; _builder_version=&#8221;4.6.1&#8243; _module_preset=&#8221;default&#8221; background_color=&#8221;#dfb758&#8243; custom_padding=&#8221;||2px|||&#8221;][et_pb_row module_id=&#8221;repertoire&#8221; _builder_version=&#8221;4.6.1&#8243; _module_preset=&#8221;default&#8221; width=&#8221;100%&#8221;][et_pb_column type=&#8221;4_4&#8243; _builder_version=&#8221;4.6.1&#8243; _module_preset=&#8221;default&#8221;][et_pb_text _builder_version=&#8221;4.6.1&#8243; _module_preset=&#8221;f59eef07-5c3e-46de-a425-665a396a0b60&#8243;]<\/p>\n<h1 style=\"text-align: center;\">Repertoire<\/h1>\n<p>[\/et_pb_text][et_pb_text _builder_version=&#8221;4.6.1&#8243; _module_preset=&#8221;default&#8221;]<\/p>\n<table>\n<tbody>\n<tr>\n<td>L. Bernstein<\/td>\n<td>Candide<\/td>\n<td>Cunegonde<\/td>\n<\/tr>\n<tr>\n<td>J. Bizet<\/td>\n<td>Les p\u00eacheurs de perles<\/td>\n<td>Leila<\/td>\n<\/tr>\n<tr>\n<td>A. Cagnoni<\/td>\n<td>Don Bucefalo\t<\/td>\n<td>Rosa<\/td>\n<\/tr>\n<tr>\n<td>L. Delibes<\/td>\n<td>Lakm\u00e8<\/td>\n<td>Lakm\u00e8<\/td>\n<\/tr>\n<tr>\n<td>G. Donizetti<\/td>\n<td>L\u2019elisir d\u2019amore<\/td>\n<td>Adina<\/td>\n<\/tr>\n<tr>\n<td>G. Donizetti<\/td>\n<td>Lucia di Lammermoor<\/td>\n<td>Lucia<\/td>\n<\/tr>\n<tr>\n<td>G. Donizetti<\/td>\n<td>Don Pasquale<\/td>\n<td>Norina<\/td>\n<\/tr>\n<tr>\n<td>St. Moniuszko<\/td>\n<td>The Haunted Manor<\/td>\n<td>Hanna<\/td>\n<\/tr>\n<tr>\n<td>St. Moniuszko<\/td>\n<td>The Countess<\/td>\n<td>Miss Ewa<\/td>\n<\/tr>\n<tr>\n<td>St. Moniuszko<\/td>\n<td>Die Schweizerh\u00fctte<\/td>\n<td>Mary<\/td>\n<\/tr>\n<\/tr>\n<tr>\n<td>W. A. Mozart <\/td>\n<td>The Magic Flute<\/td>\n<td>Queen of the Night<\/td>\n<\/tr>\n<tr>\n<td>W. A. Mozart <\/td>\n<td>Le Nozze di Figaro<\/td>\n<td>Suzanna<\/td>\n<\/tr>\n<tr>\n<td>W. A. Mozart <\/td>\n<td>Die Entf\u00fchrung aus dem Serail<\/td>\n<td>Konstanze<\/td>\n<\/tr>\n<\/tr>\n<tr>\n<td>J. Offenbach<\/td>\n<td>Les Contes d\u2019Hoffmann<\/td>\n<td>Olympia<\/td>\n<\/tr>\n<tr>\n<td>C. Orff<\/td>\n<td>Carmina Burana<\/td>\n<td>Soprano<\/td>\n<\/tr>\n<tr>\n<td>G. Puccini<\/td>\n<td>La Boheme<\/td>\n<td>Musetta<\/td>\n<\/tr>\n<\/tr>\n<tr>\n<td>G. Puccini<\/td>\n<td>Gianni Schicchi<\/td>\n<td>Lauretta<\/td>\n<\/tr>\n<tr>\n<td>G. Puccini<\/td>\n<td>Il Barbiere di Siviglia\t<\/td>\n<td>Rosina<\/td>\n<\/tr>\n<tr>\n<td>J. Strauss<\/td>\n<td>Die Fledermaus<\/td>\n<td>Adele<\/td>\n<\/tr>\n<\/tr>\n<tr>\n<td>R. Strauss<\/td>\n<td>Der Rosenkavalier<\/td>\n<td>Sophie<\/td>\n<\/tr>\n<tr>\n<td>I. Stravinsky<\/td>\n<td>The Rake\u2019s Progress<\/td>\n<td>Anne Trulove<\/td>\n<\/tr>\n<tr>\n<td>A. Thomas<\/td>\n<td>Hamlet<\/td>\n<td>Ophelia<\/td>\n<\/tr>\n<tr>\n<td>G. Verdi<\/td>\n<td>Rigoletto<\/td>\n<td>Gilda<\/td>\n<\/tr>\n<\/tbody>\n<\/table>\n<p>[\/et_pb_text][et_pb_text _builder_version=&#8221;4.6.1&#8243; _module_preset=&#8221;default&#8221;]<\/p>\n<h3 style=\"text-align: center;\">In preparation:<\/h3>\n<p>[\/et_pb_text][et_pb_text _builder_version=&#8221;4.6.1&#8243; _module_preset=&#8221;default&#8221;]<\/p>\n<table>\n<tbody>\n<tr>\n<td>L. Cherubini<\/td>\n<td>Medee<\/td>\n<td>Dirce<\/td>\n<\/tr>\n<tr>\n<td>W. A. Mozart<\/td>\n<td>Don Giovanni<\/td>\n<td>Donna Anna<\/td>\n<\/tr>\n<tr>\n<td>G. Verdi<\/td>\n<td>La Traviata<\/td>\n<td>Violetta<\/td>\n<\/tr>\n<\/tbody>\n<\/table>\n<p>[\/et_pb_text][et_pb_button button_url=&#8221;https:\/\/joannamoskowicz.com\/wp-content\/uploads\/2020\/09\/Joanna-Moskowicz-Repertoire.pdf&#8221; url_new_window=&#8221;on&#8221; button_text=&#8221;Repertoire in PDF&#8221; _builder_version=&#8221;4.6.1&#8243; _module_preset=&#8221;6237d47c-4f81-45ed-94a0-b2afab37c36d&#8221;][\/et_pb_button][et_pb_divider color=&#8221;#ffffff&#8221; divider_position=&#8221;center&#8221; divider_weight=&#8221;1px&#8221; _builder_version=&#8221;4.6.1&#8243; _module_preset=&#8221;default&#8221;][\/et_pb_divider][\/et_pb_column][\/et_pb_row][\/et_pb_section][et_pb_section fb_built=&#8221;1&#8243; _builder_version=&#8221;4.6.1&#8243; _module_preset=&#8221;default&#8221; background_color=&#8221;rgba(223,183,88,0.77)&#8221; custom_margin=&#8221;-1px|||||&#8221;][et_pb_row module_id=&#8221;gallery&#8221; _builder_version=&#8221;4.6.1&#8243; _module_preset=&#8221;default&#8221;][et_pb_column type=&#8221;4_4&#8243; _builder_version=&#8221;4.6.1&#8243; _module_preset=&#8221;default&#8221;][et_pb_text _builder_version=&#8221;4.6.1&#8243; _module_preset=&#8221;f59eef07-5c3e-46de-a425-665a396a0b60&#8243;]<\/p>\n<h1 style=\"text-align: center;\">Gallery<\/h1>\n<p>[\/et_pb_text][et_pb_gallery gallery_ids=&#8221;13,12,11,10&#8243; show_title_and_caption=&#8221;off&#8221; _builder_version=&#8221;4.6.1&#8243; _module_preset=&#8221;default&#8221; background_color=&#8221;rgba(0,0,0,0)&#8221;][\/et_pb_gallery][\/et_pb_column][\/et_pb_row][et_pb_row column_structure=&#8221;1_4,1_4,1_4,1_4&#8243; _builder_version=&#8221;4.6.3&#8243; _module_preset=&#8221;default&#8221; global_module=&#8221;196&#8243;][et_pb_column type=&#8221;1_4&#8243; _builder_version=&#8221;4.6.3&#8243; _module_preset=&#8221;default&#8221;][et_pb_button button_url=&#8221;http:\/\/joannamoskowicz.com\/wp-content\/uploads\/2020\/09\/Joanna-Moskowicz-Foto-Malgorzata-Chrastek-scaled.jpg&#8221; url_new_window=&#8221;on&#8221; button_text=&#8221;JPG&#8221; _builder_version=&#8221;4.6.3&#8243; _module_preset=&#8221;6237d47c-4f81-45ed-94a0-b2afab37c36d&#8221;][\/et_pb_button][\/et_pb_column][et_pb_column type=&#8221;1_4&#8243; _builder_version=&#8221;4.6.3&#8243; _module_preset=&#8221;default&#8221;][et_pb_button button_url=&#8221;http:\/\/joannamoskowicz.com\/wp-content\/uploads\/2020\/09\/am25-scaled.jpg&#8221; url_new_window=&#8221;on&#8221; button_text=&#8221;JPG&#8221; _builder_version=&#8221;4.6.3&#8243; _module_preset=&#8221;6237d47c-4f81-45ed-94a0-b2afab37c36d&#8221;][\/et_pb_button][\/et_pb_column][et_pb_column type=&#8221;1_4&#8243; _builder_version=&#8221;4.6.3&#8243; _module_preset=&#8221;default&#8221;][et_pb_button button_url=&#8221;http:\/\/joannamoskowicz.com\/wp-content\/uploads\/2020\/09\/am1-scaled.jpg&#8221; url_new_window=&#8221;on&#8221; button_text=&#8221;JPG&#8221; _builder_version=&#8221;4.6.3&#8243; _module_preset=&#8221;6237d47c-4f81-45ed-94a0-b2afab37c36d&#8221;][\/et_pb_button][\/et_pb_column][et_pb_column type=&#8221;1_4&#8243; _builder_version=&#8221;4.6.3&#8243; _module_preset=&#8221;default&#8221;][et_pb_button button_url=&#8221;http:\/\/joannamoskowicz.com\/wp-content\/uploads\/2020\/09\/Joanna-Moskowicz1-scaled.jpg&#8221; url_new_window=&#8221;on&#8221; button_text=&#8221;JPG&#8221; _builder_version=&#8221;4.6.3&#8243; _module_preset=&#8221;6237d47c-4f81-45ed-94a0-b2afab37c36d&#8221;][\/et_pb_button][\/et_pb_column][\/et_pb_row][et_pb_row column_structure=&#8221;1_3,1_3,1_3&#8243; _builder_version=&#8221;4.6.1&#8243; _module_preset=&#8221;default&#8221;][et_pb_column type=&#8221;1_3&#8243; _builder_version=&#8221;4.6.1&#8243; _module_preset=&#8221;default&#8221;][et_pb_video src=&#8221;https:\/\/www.youtube.com\/watch?v=WeUOGx317ss&#8221; _builder_version=&#8221;4.6.1&#8243; _module_preset=&#8221;default&#8221;][\/et_pb_video][\/et_pb_column][et_pb_column type=&#8221;1_3&#8243; _builder_version=&#8221;4.6.1&#8243; _module_preset=&#8221;default&#8221;][et_pb_video src=&#8221;https:\/\/www.youtube.com\/watch?v=3BXPFzE_jBI&#038;t=1324s&#8221; _builder_version=&#8221;4.6.1&#8243; _module_preset=&#8221;default&#8221;][\/et_pb_video][\/et_pb_column][et_pb_column type=&#8221;1_3&#8243; _builder_version=&#8221;4.6.1&#8243; _module_preset=&#8221;default&#8221;][et_pb_video src=&#8221;https:\/\/www.youtube.com\/watch?v=2OWRGk0xXKI&#8221; _builder_version=&#8221;4.6.1&#8243; _module_preset=&#8221;default&#8221;][\/et_pb_video][\/et_pb_column][\/et_pb_row][et_pb_row _builder_version=&#8221;4.6.1&#8243; _module_preset=&#8221;default&#8221;][et_pb_column type=&#8221;4_4&#8243; _builder_version=&#8221;4.6.1&#8243; _module_preset=&#8221;default&#8221;][et_pb_divider color=&#8221;#ffffff&#8221; divider_position=&#8221;center&#8221; divider_weight=&#8221;1px&#8221; _builder_version=&#8221;4.6.1&#8243; _module_preset=&#8221;default&#8221;][\/et_pb_divider][\/et_pb_column][\/et_pb_row][\/et_pb_section][et_pb_section fb_built=&#8221;1&#8243; _builder_version=&#8221;4.6.1&#8243; _module_preset=&#8221;default&#8221; background_color=&#8221;#dfb758&#8243; min_height=&#8221;836px&#8221; custom_margin=&#8221;-43px|||||&#8221;][et_pb_row module_id=&#8221;management&#8221; _builder_version=&#8221;4.6.1&#8243; _module_preset=&#8221;default&#8221;][et_pb_column type=&#8221;4_4&#8243; _builder_version=&#8221;4.6.1&#8243; _module_preset=&#8221;default&#8221;][et_pb_text _builder_version=&#8221;4.6.1&#8243; _module_preset=&#8221;f59eef07-5c3e-46de-a425-665a396a0b60&#8243;]<\/p>\n<h1 style=\"text-align: center;\">Management<\/h1>\n<p>[\/et_pb_text][et_pb_text _builder_version=&#8221;4.6.3&#8243; _module_preset=&#8221;default&#8221; text_font=&#8221;|600|||||||&#8221; text_text_color=&#8221;#ffffff&#8221; text_font_size=&#8221;18px&#8221; text_line_height=&#8221;1.8em&#8221;]<\/p>\n<p style=\"text-align: center;\">brennecke-art e.U.<\/p>\n<p style=\"text-align: center;\">K\u00fcnstler- und Eventagentur<br \/> F\u00f6hrenstrasse 21<br \/> A-2102 Bisamberg<br \/> Austria<\/p>\n<p style=\"text-align: center;\">Tel +43 2262 63 441 0<br \/> Fax +43 2262 63 441 24<br \/> Mobile +43 664 141 70 84<\/p>\n<p style=\"text-align: center;\"><span style=\"color: #ffffff;\"><a href=\"mailto:office@brennecke-art.eu\" title=\"office@brennecke-art.eu\" style=\"color: #ffffff;\">office@brennecke-art.eu<\/a><\/span><br \/> <span style=\"color: #ffffff;\"><a href=\"http:\/\/brennecke-art.eu\/\" target=\"_blank\" rel=\"noopener noreferrer\" title=\"Brennecke Art\" style=\"color: #ffffff;\">brennecke-art.eu<\/a><\/span><\/p>\n<p>[\/et_pb_text][\/et_pb_column][\/et_pb_row][\/et_pb_section]<\/p>\n","protected":false},"excerpt":{"rendered":"<p>SOPRANOSOPRANOCVJoanna Moskowicz \u2013 soprano &nbsp; Joanna graduated at the Academy of Music in \u0141od\u017a at the class of Professor Delfina Ambroziak with distinction. In addition, she completed her postgraduate studies at the Academy of Music in Wroc\u0142aw under Professor Ewa Czermak. Joanna took master classes with Prof. Barbara Schlick, Prof. Ingrid Kremling, Prof. Ewa Czermak [&hellip;]<\/p>\n","protected":false},"author":1,"featured_media":0,"parent":0,"menu_order":0,"comment_status":"closed","ping_status":"closed","template":"","meta":{"_et_pb_use_builder":"on","_et_pb_old_content":"","_et_gb_content_width":"","footnotes":""},"class_list":["post-7","page","type-page","status-publish","hentry"],"_links":{"self":[{"href":"https:\/\/joannamoskowicz.com\/en\/wp-json\/wp\/v2\/pages\/7","targetHints":{"allow":["GET"]}}],"collection":[{"href":"https:\/\/joannamoskowicz.com\/en\/wp-json\/wp\/v2\/pages"}],"about":[{"href":"https:\/\/joannamoskowicz.com\/en\/wp-json\/wp\/v2\/types\/page"}],"author":[{"embeddable":true,"href":"https:\/\/joannamoskowicz.com\/en\/wp-json\/wp\/v2\/users\/1"}],"replies":[{"embeddable":true,"href":"https:\/\/joannamoskowicz.com\/en\/wp-json\/wp\/v2\/comments?post=7"}],"version-history":[{"count":36,"href":"https:\/\/joannamoskowicz.com\/en\/wp-json\/wp\/v2\/pages\/7\/revisions"}],"predecessor-version":[{"id":199,"href":"https:\/\/joannamoskowicz.com\/en\/wp-json\/wp\/v2\/pages\/7\/revisions\/199"}],"wp:attachment":[{"href":"https:\/\/joannamoskowicz.com\/en\/wp-json\/wp\/v2\/media?parent=7"}],"curies":[{"name":"wp","href":"https:\/\/api.w.org\/{rel}","templated":true}]}}